{"id":42581,"date":"2020-07-30T15:36:47","date_gmt":"2020-07-30T13:36:47","guid":{"rendered":"https:\/\/diariodeestilo.es\/clausula-newsletter\/"},"modified":"2021-03-05T11:01:54","modified_gmt":"2021-03-05T10:01:54","slug":"newsletter-clause","status":"publish","type":"page","link":"https:\/\/diariodeestilo.es\/en\/newsletter-clause\/","title":{"rendered":"Newsletter clause"},"content":{"rendered":"\n<p>De conformidad con lo establecido en la normativa vigente en Protecci\u00f3n de Datos de Car\u00e1cter Personal, le informamos que el correo electr\u00f3nico que nos ha proporcionado ser\u00e1 incorporado a un sistema de tratamiento bajo la responsabilidad de BERTOSE Y MARONA SL con la finalidad de tramitar su solicitud de suscripci\u00f3n y poder remitirle peri\u00f3dicamente nuestro Newsletter. En cumplimiento con la normativa vigente, BERTOSE Y MARONA SL informa que los datos ser\u00e1n conservados mientras perdure el consentimiento prestado.<\/p>\n\n\n\n<p><br>Le informamos que el tratamiento de sus datos est\u00e1 legitimado por su consentimiento.<br>Puede ejercer sus derechos de acceso, rectificaci\u00f3n, limitaci\u00f3n de tratamiento, supresi\u00f3n, portabilidad y oposici\u00f3n al tratamiento de sus datos de car\u00e1cter personal mediante un escrito a nuestra direcci\u00f3n PARIS 158 5\u00ba 1\u00aa 08036, BARCELONA.<br><\/p>\n\n\n\n<p>Asimismo, le informamos que podr\u00e1 revocar en cualquier momento el consentimiento prestado, cancelando su suscripci\u00f3n al Newsletter, enviando un e-mail a la direcci\u00f3n de correo electr\u00f3nico marionaplanas@diariodeestilo.es.<\/p>\n\n\n\n<p><br>Podr\u00e1 dirigirse a la Autoridad de Control competente para presentar la reclamaci\u00f3n que considere oportuna.<\/p>\n\n\n\n<p><\/p>\n","protected":false},"excerpt":{"rendered":"<p>De conformidad con lo establecido en la normativa vigente en Protecci\u00f3n de Datos de Car\u00e1cter Personal, le informamos que el correo electr\u00f3nico que nos ha proporcionado ser\u00e1 incorporado a un sistema de tratamiento bajo la responsabilidad de BERTOSE Y MARONA SL con la finalidad de tramitar su solicitud de suscripci\u00f3n y poder remitirle peri\u00f3dicamente nuestro Newsletter. En cumplimiento con la normativa vigente, BERTOSE Y MARONA SL informa que los datos ser\u00e1n conservados mientras perdure el consentimiento prestado. Le informamos que el tratamiento de sus datos est\u00e1 legitimado por su consentimiento.Puede ejercer sus derechos de acceso, rectificaci\u00f3n, limitaci\u00f3n de tratamiento, supresi\u00f3n, portabilidad y oposici\u00f3n al tratamiento de sus datos de car\u00e1cter personal mediante un escrito a nuestra direcci\u00f3n PARIS 158 5\u00ba 1\u00aa 08036, BARCELONA. Asimismo, le informamos que podr\u00e1 revocar en cualquier momento el consentimiento prestado, [&hellip;]<\/p>\n","protected":false},"author":2,"featured_media":0,"parent":0,"menu_order":0,"comment_status":"closed","ping_status":"closed","template":"","meta":{"footnotes":""},"yoast_head":"<!-- This site is optimized with the Yoast SEO plugin v21.1 - https:\/\/yoast.com\/wordpress\/plugins\/seo\/ -->\n<title>Newsletter clause - Diario de Estilo<\/title>\n<meta name=\"robots\" content=\"index, follow, max-snippet:-1, max-image-preview:large, max-video-preview:-1\" \/>\n<link rel=\"canonical\" href=\"https:\/\/diariodeestilo.es\/clausula-newsletter\/\" \/>\n<meta property=\"og:locale\" content=\"en_US\" \/>\n<meta property=\"og:type\" content=\"article\" \/>\n<meta property=\"og:title\" content=\"Newsletter clause - Diario de Estilo\" \/>\n<meta property=\"og:description\" content=\"De conformidad con lo establecido en la normativa vigente en Protecci\u00f3n de Datos de Car\u00e1cter Personal, le informamos que el correo electr\u00f3nico que nos ha proporcionado ser\u00e1 incorporado a un sistema de tratamiento bajo la responsabilidad de BERTOSE Y MARONA SL con la finalidad de tramitar su solicitud de suscripci\u00f3n y poder remitirle peri\u00f3dicamente nuestro Newsletter. En cumplimiento con la normativa vigente, BERTOSE Y MARONA SL informa que los datos ser\u00e1n conservados mientras perdure el consentimiento prestado. Le informamos que el tratamiento de sus datos est\u00e1 legitimado por su consentimiento.Puede ejercer sus derechos de acceso, rectificaci\u00f3n, limitaci\u00f3n de tratamiento, supresi\u00f3n, portabilidad y oposici\u00f3n al tratamiento de sus datos de car\u00e1cter personal mediante un escrito a nuestra direcci\u00f3n PARIS 158 5\u00ba 1\u00aa 08036, BARCELONA. Asimismo, le informamos que podr\u00e1 revocar en cualquier momento el consentimiento prestado, [&hellip;]\" \/>\n<meta property=\"og:url\" content=\"https:\/\/diariodeestilo.es\/clausula-newsletter\/\" \/>\n<meta property=\"og:site_name\" content=\"Diario de Estilo\" \/>\n<meta property=\"article:modified_time\" content=\"2021-03-05T10:01:54+00:00\" \/>\n<meta name=\"twitter:card\" content=\"summary_large_image\" \/>\n<meta name=\"twitter:label1\" content=\"Est. reading time\" \/>\n\t<meta name=\"twitter:data1\" content=\"1 minute\" \/>\n<script type=\"application\/ld+json\" class=\"yoast-schema-graph\">{\"@context\":\"https:\/\/schema.org\",\"@graph\":[{\"@type\":\"WebPage\",\"@id\":\"https:\/\/diariodeestilo.es\/clausula-newsletter\/\",\"url\":\"https:\/\/diariodeestilo.es\/clausula-newsletter\/\",\"name\":\"Newsletter clause - Diario de Estilo\",\"isPartOf\":{\"@id\":\"https:\/\/diariodeestilo.es\/en\/#website\"},\"datePublished\":\"2020-07-30T13:36:47+00:00\",\"dateModified\":\"2021-03-05T10:01:54+00:00\",\"breadcrumb\":{\"@id\":\"https:\/\/diariodeestilo.es\/clausula-newsletter\/#breadcrumb\"},\"inLanguage\":\"en-US\",\"potentialAction\":[{\"@type\":\"ReadAction\",\"target\":[\"https:\/\/diariodeestilo.es\/clausula-newsletter\/\"]}]},{\"@type\":\"BreadcrumbList\",\"@id\":\"https:\/\/diariodeestilo.es\/clausula-newsletter\/#breadcrumb\",\"itemListElement\":[{\"@type\":\"ListItem\",\"position\":1,\"name\":\"Portada\",\"item\":\"https:\/\/diariodeestilo.es\/en\/\"},{\"@type\":\"ListItem\",\"position\":2,\"name\":\"Newsletter clause\"}]},{\"@type\":\"WebSite\",\"@id\":\"https:\/\/diariodeestilo.es\/en\/#website\",\"url\":\"https:\/\/diariodeestilo.es\/en\/\",\"name\":\"Diario de Estilo\",\"description\":\"by Mariona Planas\",\"potentialAction\":[{\"@type\":\"SearchAction\",\"target\":{\"@type\":\"EntryPoint\",\"urlTemplate\":\"https:\/\/diariodeestilo.es\/en\/?s={search_term_string}\"},\"query-input\":\"required name=search_term_string\"}],\"inLanguage\":\"en-US\"}]}<\/script>\n<!-- \/ Yoast SEO plugin. -->","yoast_head_json":{"title":"Newsletter clause - Diario de Estilo","robots":{"index":"index","follow":"follow","max-snippet":"max-snippet:-1","max-image-preview":"max-image-preview:large","max-video-preview":"max-video-preview:-1"},"canonical":"https:\/\/diariodeestilo.es\/clausula-newsletter\/","og_locale":"en_US","og_type":"article","og_title":"Newsletter clause - Diario de Estilo","og_description":"De conformidad con lo establecido en la normativa vigente en Protecci\u00f3n de Datos de Car\u00e1cter Personal, le informamos que el correo electr\u00f3nico que nos ha proporcionado ser\u00e1 incorporado a un sistema de tratamiento bajo la responsabilidad de BERTOSE Y MARONA SL con la finalidad de tramitar su solicitud de suscripci\u00f3n y poder remitirle peri\u00f3dicamente nuestro Newsletter. En cumplimiento con la normativa vigente, BERTOSE Y MARONA SL informa que los datos ser\u00e1n conservados mientras perdure el consentimiento prestado. Le informamos que el tratamiento de sus datos est\u00e1 legitimado por su consentimiento.Puede ejercer sus derechos de acceso, rectificaci\u00f3n, limitaci\u00f3n de tratamiento, supresi\u00f3n, portabilidad y oposici\u00f3n al tratamiento de sus datos de car\u00e1cter personal mediante un escrito a nuestra direcci\u00f3n PARIS 158 5\u00ba 1\u00aa 08036, BARCELONA. Asimismo, le informamos que podr\u00e1 revocar en cualquier momento el consentimiento prestado, [&hellip;]","og_url":"https:\/\/diariodeestilo.es\/clausula-newsletter\/","og_site_name":"Diario de Estilo","article_modified_time":"2021-03-05T10:01:54+00:00","twitter_card":"summary_large_image","twitter_misc":{"Est. reading time":"1 minute"},"schema":{"@context":"https:\/\/schema.org","@graph":[{"@type":"WebPage","@id":"https:\/\/diariodeestilo.es\/clausula-newsletter\/","url":"https:\/\/diariodeestilo.es\/clausula-newsletter\/","name":"Newsletter clause - Diario de Estilo","isPartOf":{"@id":"https:\/\/diariodeestilo.es\/en\/#website"},"datePublished":"2020-07-30T13:36:47+00:00","dateModified":"2021-03-05T10:01:54+00:00","breadcrumb":{"@id":"https:\/\/diariodeestilo.es\/clausula-newsletter\/#breadcrumb"},"inLanguage":"en-US","potentialAction":[{"@type":"ReadAction","target":["https:\/\/diariodeestilo.es\/clausula-newsletter\/"]}]},{"@type":"BreadcrumbList","@id":"https:\/\/diariodeestilo.es\/clausula-newsletter\/#breadcrumb","itemListElement":[{"@type":"ListItem","position":1,"name":"Portada","item":"https:\/\/diariodeestilo.es\/en\/"},{"@type":"ListItem","position":2,"name":"Newsletter clause"}]},{"@type":"WebSite","@id":"https:\/\/diariodeestilo.es\/en\/#website","url":"https:\/\/diariodeestilo.es\/en\/","name":"Diario de Estilo","description":"by Mariona Planas","potentialAction":[{"@type":"SearchAction","target":{"@type":"EntryPoint","urlTemplate":"https:\/\/diariodeestilo.es\/en\/?s={search_term_string}"},"query-input":"required name=search_term_string"}],"inLanguage":"en-US"}]}},"_links":{"self":[{"href":"https:\/\/diariodeestilo.es\/en\/wp-json\/wp\/v2\/pages\/42581"}],"collection":[{"href":"https:\/\/diariodeestilo.es\/en\/wp-json\/wp\/v2\/pages"}],"about":[{"href":"https:\/\/diariodeestilo.es\/en\/wp-json\/wp\/v2\/types\/page"}],"author":[{"embeddable":true,"href":"https:\/\/diariodeestilo.es\/en\/wp-json\/wp\/v2\/users\/2"}],"replies":[{"embeddable":true,"href":"https:\/\/diariodeestilo.es\/en\/wp-json\/wp\/v2\/comments?post=42581"}],"version-history":[{"count":1,"href":"https:\/\/diariodeestilo.es\/en\/wp-json\/wp\/v2\/pages\/42581\/revisions"}],"predecessor-version":[{"id":42582,"href":"https:\/\/diariodeestilo.es\/en\/wp-json\/wp\/v2\/pages\/42581\/revisions\/42582"}],"wp:attachment":[{"href":"https:\/\/diariodeestilo.es\/en\/wp-json\/wp\/v2\/media?parent=42581"}],"curies":[{"name":"wp","href":"https:\/\/api.w.org\/{rel}","templated":true}]}}